{"id":223,"date":"2021-02-10T13:29:19","date_gmt":"2021-02-10T13:29:19","guid":{"rendered":"http:\/\/os-land.gewweserems.de\/?page_id=223"},"modified":"2025-01-10T09:38:49","modified_gmt":"2025-01-10T09:38:49","slug":"vorstand","status":"publish","type":"page","link":"https:\/\/os-land.gewweserems.de\/?page_id=223","title":{"rendered":"Vorstand"},"content":{"rendered":"\n<p><\/p>\n\n\n\n<pre class=\"wp-block-preformatted\">Vorsitzende:<br>Birgit Ostendorf<br>Mail: birgit.ostendorf@osnanet.de<br>Tel.: 0541\/ 58051359<br><br>Stellvertr. Vorsitzende: Silke Wiedner<br><br>Schatzmeisterin: Susanne M\u00e4rtens<br><br>Weitere Mitglieder:<br>Karin H\u00fcls-Spiekermann<br>Hannelore Gl\u00fcder-Duske,<br>Siggi van Kampen<br>Margret Kohake<br>Regina Engling<br>Thomas Schulz<br>Silke Schrempel<br><br><br><\/pre>\n","protected":false},"excerpt":{"rendered":"<div class=\"mh-excerpt\"><p>Vorsitzende:Birgit OstendorfMail: birgit.ostendorf@osnanet.deTel.: 0541\/ 58051359Stellvertr. Vorsitzende: Silke WiednerSchatzmeisterin: Susanne M\u00e4rtensWeitere Mitglieder:Karin H\u00fcls-SpiekermannHannelore Gl\u00fcder-Duske,Siggi van KampenMargret KohakeRegina EnglingThomas SchulzSilke Schrempel<\/p>\n<\/div>","protected":false},"author":2,"featured_media":0,"parent":0,"menu_order":0,"comment_status":"closed","ping_status":"closed","template":"","meta":{"footnotes":""},"class_list":["post-223","page","type-page","status-publish","hentry"],"_links":{"self":[{"href":"https:\/\/os-land.gewweserems.de\/index.php?rest_route=\/wp\/v2\/pages\/223","targetHints":{"allow":["GET"]}}],"collection":[{"href":"https:\/\/os-land.gewweserems.de\/index.php?rest_route=\/wp\/v2\/pages"}],"about":[{"href":"https:\/\/os-land.gewweserems.de\/index.php?rest_route=\/wp\/v2\/types\/page"}],"author":[{"embeddable":true,"href":"https:\/\/os-land.gewweserems.de\/index.php?rest_route=\/wp\/v2\/users\/2"}],"replies":[{"embeddable":true,"href":"https:\/\/os-land.gewweserems.de\/index.php?rest_route=%2Fwp%2Fv2%2Fcomments&post=223"}],"version-history":[{"count":4,"href":"https:\/\/os-land.gewweserems.de\/index.php?rest_route=\/wp\/v2\/pages\/223\/revisions"}],"predecessor-version":[{"id":524,"href":"https:\/\/os-land.gewweserems.de\/index.php?rest_route=\/wp\/v2\/pages\/223\/revisions\/524"}],"wp:attachment":[{"href":"https:\/\/os-land.gewweserems.de\/index.php?rest_route=%2Fwp%2Fv2%2Fmedia&parent=223"}],"curies":[{"name":"wp","href":"https:\/\/api.w.org\/{rel}","templated":true}]}}