{"id":7,"date":"2016-08-13T15:57:18","date_gmt":"2016-08-13T15:57:18","guid":{"rendered":"http:\/\/os-land.gewweserems.de\/?page_id=7"},"modified":"2025-02-06T14:22:11","modified_gmt":"2025-02-06T14:22:11","slug":"impressum","status":"publish","type":"page","link":"https:\/\/os-land.gewweserems.de\/?page_id=7","title":{"rendered":"Impressum"},"content":{"rendered":"<table class=\"contentpaneopen\">\n<tbody>\n<tr>\n<td class=\"contentheading\" width=\"100%\">Kontakt \/ Impressum<\/td>\n<\/tr>\n<\/tbody>\n<\/table>\n<table class=\"contentpaneopen\">\n<tbody>\n<tr>\n<td valign=\"top\">\n<div class=\"fliesstext\">\n<div class=\"fliesstext\">\n<div class=\"fliesstext\">\n<div class=\"fliesstext\">\n<p class=\"fliesstext\"><strong>Gewerkschaft Erziehung und Wissenschaft<br \/>\nKreisverband Osnabr\u00fcck-Land<br \/>\n<\/strong><\/p>\n<p class=\"fliesstext\" align=\"left\">Birgit Ostendorf<br \/>\nIm Fange 55<br \/>\n49084 Osnabr\u00fcck<br \/>\nTel. und Fax: 0541 &#8211; 58051359<br \/>\nE-Mail: <a href=\"mailto:birgit.ostendorf@gewweserems.de\">birgit.ostendorf@gewweserems.de<\/a><\/p>\n<p class=\"fliesstext\" align=\"left\">\n<\/div>\n<\/div>\n<p>&nbsp;<\/p>\n<div class=\"fliesstext\">Mit Urteil vom 12. Mai 1998 hat das Landgericht Hamburg entschieden, dass man durch die Ausbringung<br \/>\neines Links die Inhalte der gelinkten Seite ggf. mit zu verantworten hat.<br \/>\nDies kann &#8211; so das LG &#8211; nur dadurch verhindert werden, dass man sich ausdr\u00fccklich von diesen Inhalten distanziert.<br \/>\nWir haben auf verschiedenen Seiten dieser Homepage, Links zu anderen Seiten im Internet gelegt.<br \/>\nF\u00fcr all diese Links gilt: Wir m\u00f6chten ausdr\u00fccklich betonen, dass wir keinerlei Einfluss auf die Gestaltung<br \/>\nund die Inhalte der gelinkten Seiten haben.<br \/>\nDeshalb distanzieren wir uns hiermit ausdr\u00fccklich von allen Inhalten aller gelinkten Seiten auf unserer Homepage und machen uns ihre Inhalte nicht zu eigen.<br \/>\nDiese Erkl\u00e4rung gilt f\u00fcr alle auf unserer Homepage ausgebrachten Links.<\/div>\n<\/div>\n<\/div>\n<\/td>\n<\/tr>\n<\/tbody>\n<\/table>\n","protected":false},"excerpt":{"rendered":"<div class=\"mh-excerpt\"><p>Kontakt \/ Impressum Gewerkschaft Erziehung und Wissenschaft Kreisverband Osnabr\u00fcck-Land Birgit Ostendorf Im Fange 55 49084 Osnabr\u00fcck Tel. und Fax: 0541 &#8211; 58051359 E-Mail: birgit.ostendorf@gewweserems.de &nbsp; Mit Urteil vom 12. Mai 1998 hat das Landgericht Hamburg <a class=\"mh-excerpt-more\" href=\"https:\/\/os-land.gewweserems.de\/?page_id=7\" title=\"Impressum\">[&#8230;]<\/a><\/p>\n<\/div>","protected":false},"author":1,"featured_media":0,"parent":0,"menu_order":0,"comment_status":"closed","ping_status":"closed","template":"","meta":{"footnotes":""},"class_list":["post-7","page","type-page","status-publish","hentry"],"_links":{"self":[{"href":"https:\/\/os-land.gewweserems.de\/index.php?rest_route=\/wp\/v2\/pages\/7","targetHints":{"allow":["GET"]}}],"collection":[{"href":"https:\/\/os-land.gewweserems.de\/index.php?rest_route=\/wp\/v2\/pages"}],"about":[{"href":"https:\/\/os-land.gewweserems.de\/index.php?rest_route=\/wp\/v2\/types\/page"}],"author":[{"embeddable":true,"href":"https:\/\/os-land.gewweserems.de\/index.php?rest_route=\/wp\/v2\/users\/1"}],"replies":[{"embeddable":true,"href":"https:\/\/os-land.gewweserems.de\/index.php?rest_route=%2Fwp%2Fv2%2Fcomments&post=7"}],"version-history":[{"count":5,"href":"https:\/\/os-land.gewweserems.de\/index.php?rest_route=\/wp\/v2\/pages\/7\/revisions"}],"predecessor-version":[{"id":534,"href":"https:\/\/os-land.gewweserems.de\/index.php?rest_route=\/wp\/v2\/pages\/7\/revisions\/534"}],"wp:attachment":[{"href":"https:\/\/os-land.gewweserems.de\/index.php?rest_route=%2Fwp%2Fv2%2Fmedia&parent=7"}],"curies":[{"name":"wp","href":"https:\/\/api.w.org\/{rel}","templated":true}]}}